{"id":92,"date":"2013-01-20T20:55:41","date_gmt":"2013-01-20T19:55:41","guid":{"rendered":"http:\/\/cofd.me\/?page_id=92"},"modified":"2025-08-03T00:43:37","modified_gmt":"2025-08-02T23:43:37","slug":"organi-upravljanja-cofd","status":"publish","type":"page","link":"https:\/\/cofd.me\/en\/sample-page\/organi-upravljanja-cofd\/","title":{"rendered":"COFD Organisation"},"content":{"rendered":"<p><\/p>\n<h2>COFD Organisation<\/h2>\n<p><b>President<\/b><\/p>\n<p style=\"padding-left: 30px;\">Dr Nikola Cvijovi\u0107<br \/>\ncvijovicnikola82@gmail.com<\/p>\n<p>Secretary <\/p>\n<p style=\"padding-left: 30px;\">Dr Ksenija Bo\u0161kovi\u0107<br \/>\ncofd2006@gmail.com<\/p>\n<p><b>Board members<\/b> :<\/p>\n<p style=\"padding-left: 30px;\">Dr Nikola Cvijovi\u0107<\/p>\n<p style=\"padding-left: 30px;\">Dr Ksenija Bo\u0161kovi\u0107<\/p>\n<p style=\"padding-left: 30px;\">Dr \u017deljko Mara\u0161<\/p>\n<p style=\"padding-left: 30px;\">Dr Tomislav \u0160imun<\/p>\n<p style=\"padding-left: 30px;\">Dr Edita Files Bradari\u0107<\/p>\n<p style=\"padding-left: 30px;\">Dr Ivana Rai\u010devi\u0107<\/p>\n<p style=\"padding-left: 30px;\">Dr Iris Obradovi\u0107<\/p>\n<p><b>Supervisory Board<\/b>:<br \/>\n\u00a0<\/p>\n<p style=\"padding-left: 30px;\">Prof. dr. Antoaneta Ad\u017ei\u0107 Ze\u010devi\u0107 \u00a0(president)<\/p>\n<p style=\"padding-left: 30px;\">Dr Marina \u0110ureti\u0107 Guzina<\/p>\n<p style=\"padding-left: 30px;\">Dr Bojana Mijatovi\u0107<\/p>\n<p><b>The COFD Assembly<\/b> consists of all members of society (49).<\/p>","protected":false},"excerpt":{"rendered":"<p>COFD Organisation President Dr Nikola Cvijovi\u0107 cvijovicnikola82@gmail.com Secretary Dr Ksenija Bo\u0161kovi\u0107 cofd2006@gmail.com Board members : Dr Nikola Cvijovi\u0107 Dr Ksenija Bo\u0161kovi\u0107 Dr \u017deljko Mara\u0161 Dr Tomislav \u0160imun Dr Edita Files Bradari\u0107 Dr Ivana Rai\u010devi\u0107&#46;&#46;&#46;<\/p>\n","protected":false},"author":2,"featured_media":0,"parent":2,"menu_order":0,"comment_status":"open","ping_status":"open","template":"","meta":{"ngg_post_thumbnail":0,"jetpack_post_was_ever_published":false,"footnotes":""},"class_list":["post-92","page","type-page","status-publish","hentry"],"jetpack_sharing_enabled":true,"jetpack_shortlink":"https:\/\/wp.me\/P35IsG-1u","_links":{"self":[{"href":"https:\/\/cofd.me\/en\/wp-json\/wp\/v2\/pages\/92","targetHints":{"allow":["GET"]}}],"collection":[{"href":"https:\/\/cofd.me\/en\/wp-json\/wp\/v2\/pages"}],"about":[{"href":"https:\/\/cofd.me\/en\/wp-json\/wp\/v2\/types\/page"}],"author":[{"embeddable":true,"href":"https:\/\/cofd.me\/en\/wp-json\/wp\/v2\/users\/2"}],"replies":[{"embeddable":true,"href":"https:\/\/cofd.me\/en\/wp-json\/wp\/v2\/comments?post=92"}],"version-history":[{"count":2,"href":"https:\/\/cofd.me\/en\/wp-json\/wp\/v2\/pages\/92\/revisions"}],"predecessor-version":[{"id":65309,"href":"https:\/\/cofd.me\/en\/wp-json\/wp\/v2\/pages\/92\/revisions\/65309"}],"up":[{"embeddable":true,"href":"https:\/\/cofd.me\/en\/wp-json\/wp\/v2\/pages\/2"}],"wp:attachment":[{"href":"https:\/\/cofd.me\/en\/wp-json\/wp\/v2\/media?parent=92"}],"curies":[{"name":"wp","href":"https:\/\/api.w.org\/{rel}","templated":true}]}}