{"id":66456,"date":"2025-12-02T14:27:03","date_gmt":"2025-12-02T13:27:03","guid":{"rendered":"https:\/\/cofd.me\/?page_id=66456"},"modified":"2025-12-12T14:13:35","modified_gmt":"2025-12-12T13:13:35","slug":"sve-o-kongresu","status":"publish","type":"page","link":"https:\/\/cofd.me\/en\/blog\/sve-o-kongresu\/","title":{"rendered":"COFD Congress 2025"},"content":{"rendered":"<p><strong>2nd COFD Congress with International Participation<br \/>\nBudva, 13\u201316 November 2025<br \/>\nAvala Hotel, Budva<\/strong><\/p>\n<p>The Congress was successfully held in accordance with the planned program. It opened with the session \u201cYoung Ophthalmologists\u201d featuring eight interesting presentations from the practice and research of young ophthalmologists, residents, medical doctors, and one optometrist.<\/p>\n<p>The Opening Ceremony included welcome addresses by the President of COFD, Dr. Nikola Cvijovi\u0107, the President of the Medical Chamber, Dr. \u017danka Cerovi\u0107, and the Minister of Health, Dr. Vojislav \u0160imun. Certificates of appreciation were presented to all Congress sponsors, and the cultural program was performed by the folklore ensemble KUD \u201cBoka\u201d from Tivat. The Congress took place during the national holiday \u201cNjego\u0161 Day,\u201d dedicated to Montenegrin culture and one of the most significant historical figures of Montenegro\u2014writer, philosopher, bishop, and ruler Petar II Petrovi\u0107 Njego\u0161.<br \/>\n<a href=\"https:\/\/i0.wp.com\/cofd.me\/wp-content\/uploads\/2025\/12\/COFD153.jpg?ssl=1\" data-rel=\"lightbox-image-0\" data-rl_title=\"\" data-rl_caption=\"\" title=\"\"><img data-recalc-dims=\"1\" loading=\"lazy\" decoding=\"async\" src=\"https:\/\/i0.wp.com\/cofd.me\/wp-content\/uploads\/2025\/12\/COFD153.jpg?resize=2048%2C1365&#038;ssl=1\" alt=\"\" width=\"2048\" height=\"1365\" class=\"alignleft size-full wp-image-66479\" srcset=\"https:\/\/i0.wp.com\/cofd.me\/wp-content\/uploads\/2025\/12\/COFD153.jpg?w=2048&amp;ssl=1 2048w, https:\/\/i0.wp.com\/cofd.me\/wp-content\/uploads\/2025\/12\/COFD153.jpg?resize=300%2C200&amp;ssl=1 300w, https:\/\/i0.wp.com\/cofd.me\/wp-content\/uploads\/2025\/12\/COFD153.jpg?resize=1024%2C683&amp;ssl=1 1024w, https:\/\/i0.wp.com\/cofd.me\/wp-content\/uploads\/2025\/12\/COFD153.jpg?resize=768%2C512&amp;ssl=1 768w, https:\/\/i0.wp.com\/cofd.me\/wp-content\/uploads\/2025\/12\/COFD153.jpg?resize=600%2C400&amp;ssl=1 600w, https:\/\/i0.wp.com\/cofd.me\/wp-content\/uploads\/2025\/12\/COFD153.jpg?resize=1536%2C1024&amp;ssl=1 1536w\" sizes=\"auto, (max-width: 1000px) 100vw, 1000px\" \/><\/a><\/p>\n<p>Following the Opening Ceremony, a welcome cocktail was held, accompanied by a cello\u2013violin duo.<\/p>\n<p>The second day of the Congress consisted of three sessions: \u201cRetina and Vitreoretinal Surgery 1\u201d with six lectures; \u201cCataract, Cornea and Refractive Surgery\u201d with nine lectures; and \u201cUveitis and Neuro-ophthalmology\u201d with six lectures. Between sessions, a satellite symposium was organized by the general sponsor Roche, presenting the new anti-VEGF drug Vabysmo used in retinal diseases. Another sponsored lecture was given by the silver sponsor Farmont, presenting new artificial tears for the treatment of ocular surface disorders.<\/p>\n<p>The third day featured four sessions: \u201cTumours, Oculoplastic Surgery and Orbit\u201d with five lectures; \u201cRetina and Vitreoretinal Surgery 2\u201d with ten lectures; \u201cGlaucoma\u201d with five lectures; and \u201cPediatric Ophthalmology and Strabismus\u201d with five lectures. Sponsored lectures included a presentation by the silver sponsor Bayer on the new enhanced anti-VEGF therapy Eylea 8 mg and its applications in retinal diseases, as well as a lecture by Novartis on the possibilities of gene therapy for pigmentary retinopathy. All sessions proceeded on schedule, accompanied by active discussions following each presentation or at the end of the sessions. The third day concluded with a Gala Dinner and musical program.<\/p>\n<p>The fourth day was reserved for certificate distribution and participants\u2019 departure.<\/p>\n<p>A total of 54 presentations were delivered at the Congress, including 22 invited lectures from 18 invited speakers from Croatia, Bosnia and Herzegovina, Serbia, and the United Kingdom. Additionally, seven presentations were given by participants from abroad (North Macedonia, Bosnia and Herzegovina, Serbia, and Germany), while 25 presentations were delivered by participants from Montenegro.<\/p>\n<p>The Congress highlighted the strong connection among ophthalmologists from the region, as well as the high level of Montenegrin ophthalmology across all fields and subspecialties.<\/p>\n<p>The organization of the Congress was of a very high standard, confirmed by numerous congratulations and positive feedback from guests and sponsors. The Congress hosted 188 participants, including 156 ophthalmologists, residents, medical doctors, and optometrists; 10 ophthalmic nurses; 19 representatives of sponsoring pharmaceutical companies, distributors, and medical equipment companies; and 3 accompanying persons. The Congress was supported by 13 sponsors, 9 of whom had exhibition stands.<\/p>\n<p>A Book of Abstracts was printed, containing all relevant Congress information and the abstracts of presented works.<br \/>\n<a href=\"https:\/\/cofd.me\/wp-content\/uploads\/2025\/12\/Knjiga-sazetaka-2.Kongresa-COFD-a-Budva-2025.pdf\">Knjiga sa\u017eetaka 2.Kongresa COFD-a Budva 2025<\/a><br \/>\nThe Congress Program was printed as a separate brochure.<br \/>\n<a href=\"https:\/\/cofd.me\/wp-content\/uploads\/2025\/12\/Finalni-program-2.-kongres-COFDa-Budva-2025.pdf\">Program 2. kongres COFDa Budva 2025<\/a><\/p>\n<p>The Congress was accredited by the Medical Chamber of Montenegro, No. 1884\/3-10, Podgorica, 16 October 2025, awarding 15 credits to lecturers and 10 credits to other participants.<\/p>\n<p><em><strong>We extend our gratitude to all participants, lecturers, guests, and sponsor representatives for attending the Congress and contributing to its success.<\/strong><\/p>\n<p><strong>ORGANIZER<\/strong><br \/>\nMontenegrin Society of Ophthalmology (COFD)<\/p>\n<p>PRESIDENT OF COFD AND CONGRESS<br \/>\nDr. Nikola Cvijovi\u0107<\/p>\n<p><strong>ORGANIZING COMMITTEE<\/strong><br \/>\nDr. Nikola Cvijovi\u0107 \u2013 President<br \/>\nDr. Ksenija Bo\u0161kovi\u0107<br \/>\nDr. \u017deljko Mara\u0161<br \/>\nDr. Edita Files Bradari\u0107<br \/>\nDr. Tomislav \u0160imun<br \/>\n<a href=\"https:\/\/i0.wp.com\/cofd.me\/wp-content\/uploads\/2025\/12\/COFD238.jpg?ssl=1\" data-rel=\"lightbox-image-1\" data-rl_title=\"\" data-rl_caption=\"\" title=\"\"><img data-recalc-dims=\"1\" loading=\"lazy\" decoding=\"async\" src=\"https:\/\/i0.wp.com\/cofd.me\/wp-content\/uploads\/2025\/12\/COFD238.jpg?resize=2048%2C1365&#038;ssl=1\" alt=\"\" width=\"2048\" height=\"1365\" class=\"alignleft size-full wp-image-66482\" srcset=\"https:\/\/i0.wp.com\/cofd.me\/wp-content\/uploads\/2025\/12\/COFD238.jpg?w=2048&amp;ssl=1 2048w, https:\/\/i0.wp.com\/cofd.me\/wp-content\/uploads\/2025\/12\/COFD238.jpg?resize=300%2C200&amp;ssl=1 300w, https:\/\/i0.wp.com\/cofd.me\/wp-content\/uploads\/2025\/12\/COFD238.jpg?resize=1024%2C683&amp;ssl=1 1024w, https:\/\/i0.wp.com\/cofd.me\/wp-content\/uploads\/2025\/12\/COFD238.jpg?resize=768%2C512&amp;ssl=1 768w, https:\/\/i0.wp.com\/cofd.me\/wp-content\/uploads\/2025\/12\/COFD238.jpg?resize=600%2C400&amp;ssl=1 600w, https:\/\/i0.wp.com\/cofd.me\/wp-content\/uploads\/2025\/12\/COFD238.jpg?resize=1536%2C1024&amp;ssl=1 1536w\" sizes=\"auto, (max-width: 1000px) 100vw, 1000px\" \/><\/a><br \/>\n<strong><br \/>\nSCIENTIFIC COMMITTEE<\/strong><br \/>\nProf. Antoaneta Ad\u017ei\u0107-Ze\u010devi\u0107, Faculty of Medicine, University of Montenegro, Montenegro \u2013 Chair<br \/>\nProf. Dragan Vukovi\u0107, Faculty of Medicine, University of Belgrade, Serbia<br \/>\nProf. Faruk Ni\u0161i\u0107, Faculty of Medicine, University of Sarajevo, Bosnia and Herzegovina<br \/>\nProf. Nenad Vukojevi\u0107, Faculty of Medicine, University of Zagreb, Croatia<\/p>\n<p><strong>TECHNICAL ORGANIZER<\/strong><br \/>\nYellow Event Service d.o.o<br \/>\nMainski put bb, Budva<\/p>\n<p>Congress email: cofd2006@gmail.com<br \/>\n<strong><br \/>\nCONGRESS SPONSORS <\/strong><br \/>\n<a href=\"https:\/\/i0.wp.com\/cofd.me\/wp-content\/uploads\/2025\/12\/stranica-sponzora-logoi.png?ssl=1\" data-rel=\"lightbox-image-2\" data-rl_title=\"\" data-rl_caption=\"\" title=\"\"><img data-recalc-dims=\"1\" loading=\"lazy\" decoding=\"async\" src=\"https:\/\/i0.wp.com\/cofd.me\/wp-content\/uploads\/2025\/12\/stranica-sponzora-logoi.png?resize=716%2C1022&#038;ssl=1\" alt=\"\" width=\"716\" height=\"1022\" class=\"alignleft size-full wp-image-66483\" srcset=\"https:\/\/i0.wp.com\/cofd.me\/wp-content\/uploads\/2025\/12\/stranica-sponzora-logoi.png?w=716&amp;ssl=1 716w, https:\/\/i0.wp.com\/cofd.me\/wp-content\/uploads\/2025\/12\/stranica-sponzora-logoi.png?resize=210%2C300&amp;ssl=1 210w, https:\/\/i0.wp.com\/cofd.me\/wp-content\/uploads\/2025\/12\/stranica-sponzora-logoi.png?resize=600%2C856&amp;ssl=1 600w\" sizes=\"auto, (max-width: 716px) 100vw, 716px\" \/><\/a><\/em><br \/>\n<\/p>","protected":false},"excerpt":{"rendered":"<p>2nd COFD Congress with International Participation Budva, 13\u201316 November 2025 Avala Hotel, Budva The Congress was successfully held in accordance with the planned program. It opened with the session \u201cYoung Ophthalmologists\u201d featuring eight interesting&#46;&#46;&#46;<\/p>\n","protected":false},"author":2,"featured_media":66470,"parent":6,"menu_order":0,"comment_status":"closed","ping_status":"closed","template":"","meta":{"ngg_post_thumbnail":0,"jetpack_post_was_ever_published":false,"footnotes":""},"class_list":["post-66456","page","type-page","status-publish","has-post-thumbnail","hentry"],"jetpack_sharing_enabled":true,"jetpack_shortlink":"https:\/\/wp.me\/P35IsG-hhS","_links":{"self":[{"href":"https:\/\/cofd.me\/en\/wp-json\/wp\/v2\/pages\/66456","targetHints":{"allow":["GET"]}}],"collection":[{"href":"https:\/\/cofd.me\/en\/wp-json\/wp\/v2\/pages"}],"about":[{"href":"https:\/\/cofd.me\/en\/wp-json\/wp\/v2\/types\/page"}],"author":[{"embeddable":true,"href":"https:\/\/cofd.me\/en\/wp-json\/wp\/v2\/users\/2"}],"replies":[{"embeddable":true,"href":"https:\/\/cofd.me\/en\/wp-json\/wp\/v2\/comments?post=66456"}],"version-history":[{"count":2,"href":"https:\/\/cofd.me\/en\/wp-json\/wp\/v2\/pages\/66456\/revisions"}],"predecessor-version":[{"id":66884,"href":"https:\/\/cofd.me\/en\/wp-json\/wp\/v2\/pages\/66456\/revisions\/66884"}],"up":[{"embeddable":true,"href":"https:\/\/cofd.me\/en\/wp-json\/wp\/v2\/pages\/6"}],"wp:featuredmedia":[{"embeddable":true,"href":"https:\/\/cofd.me\/en\/wp-json\/wp\/v2\/media\/66470"}],"wp:attachment":[{"href":"https:\/\/cofd.me\/en\/wp-json\/wp\/v2\/media?parent=66456"}],"curies":[{"name":"wp","href":"https:\/\/api.w.org\/{rel}","templated":true}]}}