{"id":395,"date":"2014-10-30T13:31:40","date_gmt":"2014-10-30T12:31:40","guid":{"rendered":"http:\/\/cofd.me\/?page_id=395"},"modified":"2015-07-08T08:50:40","modified_gmt":"2015-07-08T07:50:40","slug":"12-kongres-oftamologa","status":"publish","type":"page","link":"https:\/\/cofd.me\/en\/12-kongres-oftamologa\/","title":{"rendered":"Congress Budva 2015"},"content":{"rendered":"<p><\/p>\n<p><strong>FIRST ANNOUNCEMENT OF THE<\/strong><\/p>\n<p>1ST CONGRESS OF MONTENEGRIN OPHTHALMOLOGISTS WITH INTERNATIONAL PARTICIPATION<\/p>\n<p>12TH CONGRESS OF SOUTH EAST EUROPEAN OPHTHALMOLOGICAL SOCIETY (SEEOS)<\/p>\n<p>15.18. October 2015 | Venue: Hotel Mediteran, Becici, Budva, Montenegro<\/p>\n<p><a href=\"https:\/\/i0.wp.com\/cofd.me\/wp-content\/uploads\/2014\/10\/cofd-prvi-montenegro-kongres-ver-2-copy1-e1418150040162.jpg\" data-rel=\"lightbox-image-0\" data-rl_title=\"\" data-rl_caption=\"\" title=\"\"><img data-recalc-dims=\"1\" loading=\"lazy\" decoding=\"async\" class=\"aligncenter size-full wp-image-443\" src=\"https:\/\/i0.wp.com\/cofd.me\/wp-content\/uploads\/2014\/10\/cofd-prvi-montenegro-kongres-ver-2-copy1-e1418150040162.jpg?resize=600%2C398\" alt=\"cofd-prvi-montenegro-kongres-ver-2-copy\" width=\"600\" height=\"398\" srcset=\"https:\/\/i0.wp.com\/cofd.me\/wp-content\/uploads\/2014\/10\/cofd-prvi-montenegro-kongres-ver-2-copy1-e1418150040162.jpg?w=600&amp;ssl=1 600w, https:\/\/i0.wp.com\/cofd.me\/wp-content\/uploads\/2014\/10\/cofd-prvi-montenegro-kongres-ver-2-copy1-e1418150040162.jpg?resize=300%2C199&amp;ssl=1 300w\" sizes=\"auto, (max-width: 600px) 100vw, 600px\" \/><\/a><\/p>\n<p><strong>Note: Download original article in Microsoft Word .doc format, <a href=\"http:\/\/cofd.me\/wp-content\/uploads\/2014\/12\/ukupan-tekst-za-objavu-ENG-korig.docx\">HERE\u00a0&gt;&gt;&gt;<\/a><\/strong><\/p>\n<p>Dear colleagues, friends and partners,<\/p>\n<p>Here is the first notification with important information related to organization of the congress, as well as instructions for your participation in the programme of the congress and your stay in Budva. Information will be updated until the date of the opening of congress, of which you will be informed in a timely manner.<\/p>\n<p>We would like you to attend and actively participate in the programme of the congress and give your contribution to the quality of this event,\u00a0\u00a0 and use this opportunity to meet your colleagues and friends and exchange experiences in ophtalmological practice and science and to have a pleasant and unforgettable stay in Budva.<\/p>\n<p>Welcome to Budva!<\/p>\n<p><strong>\u00a0<\/strong><\/p>\n<table width=\"669\">\n<tbody>\n<tr>\n<td width=\"319\"><strong>ORGANIZER<\/strong><\/p>\n<p>MONTENEGRIN SOCIETY OF OPHTHALMOLOGY<\/p>\n<p><strong>\u00a0<\/strong><\/p>\n<p><strong>VENUE<\/strong><\/p>\n<p>HOTEL MEDITERAN, BE\u010cI\u0106I<\/p>\n<p>BUDVA, MONTENEGRO<\/p>\n<p><strong>DATE<\/strong><\/p>\n<p>15-18 October 2015<\/p>\n<p><strong>\u00a0<\/strong><\/p>\n<p><strong>CONGRESS SECRETARIAT<\/strong><\/p>\n<p>ASTAKOS\u00a0 Travel &amp; Events<\/p>\n<p><a href=\"mailto:cofd@astakos.com\">cofd@astakos.com<\/a><\/p>\n<p><strong>\u00a0<\/strong><\/p>\n<p><strong>CONGRESS WEB ADDRESS<\/strong><\/p>\n<p><a href=\"http:\/\/www.cofd.me\"><strong>www.cofd.me<\/strong><\/a><\/p>\n<p>&nbsp;<\/p>\n<p><strong>\u00a0<\/strong><strong>LANGUAGE OF THE CONGRESS<\/strong><\/p>\n<p>MONTENEGRIN\/ENGLISH<\/td>\n<td width=\"350\"><strong>PRESIDENT OF CONGRESS<\/strong><\/p>\n<p>ANTOANETA AD\u017dI\u0106 ZE\u010cEVI\u0106<\/p>\n<p>&nbsp;<\/p>\n<p><strong>ORGANIZING COMMITTEE<\/strong><\/p>\n<p>EDITA FILES BRADARI\u0106\u00a0 President<\/p>\n<p>SANJA BOROVI\u0106<\/p>\n<p>BILJANA MILOJKO<\/p>\n<p>DANIJELA \u0110UROVI\u0106 RAONI\u0106<\/p>\n<p><strong>\u00a0<\/strong><\/p>\n<p><strong>SCIENTIFIC COMMITTEE<\/strong><\/p>\n<p>Prof.dr ZORAN KULJA\u010cA\u00a0 President<\/p>\n<p>Belgrade, Serbia<\/p>\n<p>Ass.prof. dr ANTOANETA AD\u017dI\u0106 ZE\u010cEVI\u0106<\/p>\n<p>Podgorica, Montenegro<\/p>\n<p>Prof.dr MIROSLAV VUKOSAVLJEVI\u0106<\/p>\n<p>Belgrade, Serbia<\/p>\n<p>Ass.prof.dr MILKA MAVIJA<\/p>\n<p>Banjaluka,R.Srpska, Bosnia and Herzegovina<\/p>\n<p><strong>\u00a0<\/strong><\/td>\n<\/tr>\n<\/tbody>\n<\/table>\n<p>&nbsp;<\/p>\n<p>&nbsp;<\/p>\n<p>&nbsp;<\/p>\n<p><strong>\u00a0<\/strong><\/p>\n<p><strong>\u00a0<\/strong><\/p>\n<table width=\"668\">\n<tbody>\n<tr>\n<td width=\"371\"><strong>SEEOS\u00a0 BOARD AND SPEAKERS<\/strong><\/td>\n<td width=\"297\"><\/td>\n<\/tr>\n<tr>\n<td width=\"371\">DANIELA FELICIA SELARU (Romania) President\u00a0 2014<\/td>\n<td width=\"297\">MAHMUT KASKALOGLU (Turkey)<\/td>\n<\/tr>\n<tr>\n<td width=\"371\">EDITA FILES BRADARI\u0106(Montenegro) President\u00a0 2015<\/td>\n<td width=\"297\">MARKO HAWLINA (Slovenia)<\/td>\n<\/tr>\n<tr>\n<td width=\"371\">ANDREJ CERNAK (Slovakia)<\/td>\n<td width=\"297\">MUSTAFA SEFI\u0106 (Bosnia and Herzegovina)<\/td>\n<\/tr>\n<tr>\n<td width=\"371\">ATHANASIOS NIKOLAKOPOULOS (Greece)<\/td>\n<td width=\"297\">NADIYA F. BOBROVA (Ukrainee)<\/td>\n<\/tr>\n<tr>\n<td width=\"371\">CESARE FORLINI\u00a0 (Italy)<\/td>\n<td width=\"297\">NIKICA GABRI\u0106 (Croatia)<\/td>\n<\/tr>\n<tr>\n<td width=\"371\">EUGENIU BENDELIC (Moldova)<\/td>\n<td width=\"297\">PAJTIM LUTAJ (Albania)<\/td>\n<\/tr>\n<tr>\n<td width=\"371\">GAZMEND KACANIKU (Kosovo)<\/td>\n<td width=\"297\">PETJA VASSILEVA (Bulgary)<\/td>\n<\/tr>\n<tr>\n<td width=\"371\">J\u00c1NOS N\u00c9METH (Hungary)<\/td>\n<td width=\"297\">SLOBODANKA LATINOVI\u0106 (Serbia)<\/td>\n<\/tr>\n<tr>\n<td width=\"371\">MAGDALENA ANTOVA VELEVSKA (Macedonia)<\/td>\n<td width=\"297\">TITOS CRISTOFORIDIS (Cyprus)<\/td>\n<\/tr>\n<\/tbody>\n<\/table>\n<p>&nbsp;<\/p>\n<table>\n<tbody>\n<tr>\n<td colspan=\"2\" width=\"638\"><strong>CONGRESS TOPICS<\/strong><\/td>\n<\/tr>\n<tr>\n<td colspan=\"2\" width=\"638\">\u00b7\u00a0\u00a0\u00a0\u00a0\u00a0\u00a0\u00a0\u00a0 VISION 2020\u00a0 &#8211; causes of blindness and prevention activites<\/td>\n<\/tr>\n<tr>\n<td colspan=\"2\" width=\"638\">\u00b7\u00a0\u00a0\u00a0\u00a0\u00a0\u00a0\u00a0\u00a0 Diabetic retinopathy \u2013 main cause of blindness in South-East European countries<\/td>\n<\/tr>\n<tr>\n<td colspan=\"2\" width=\"638\">\u00b7\u00a0\u00a0\u00a0\u00a0\u00a0\u00a0\u00a0\u00a0 Retinopathy of prematurity\u00a0 &#8211; screening and treatment\u00a0in\u00a0South-East European countries<\/td>\n<\/tr>\n<tr>\n<td colspan=\"2\" width=\"638\">\u00b7\u00a0\u00a0\u00a0\u00a0\u00a0\u00a0\u00a0\u00a0 SEE-ARVO Session &#8211; clinical and basic research\u00a0in Vision and Ophthalmology<\/td>\n<\/tr>\n<tr>\n<td width=\"319\">\u00b7\u00a0\u00a0\u00a0\u00a0\u00a0\u00a0\u00a0\u00a0 Cataract<\/td>\n<td width=\"319\">\u00b7\u00a0\u00a0\u00a0\u00a0\u00a0\u00a0\u00a0\u00a0 Tumors<\/td>\n<\/tr>\n<tr>\n<td width=\"319\">\u00b7\u00a0\u00a0\u00a0\u00a0\u00a0\u00a0\u00a0\u00a0 Refractive surgery<\/td>\n<td width=\"319\">\u00b7\u00a0\u00a0\u00a0\u00a0\u00a0\u00a0\u00a0\u00a0 Strabismus and pediatric ophthalmology<\/td>\n<\/tr>\n<tr>\n<td width=\"319\">\u00b7\u00a0\u00a0\u00a0\u00a0\u00a0\u00a0\u00a0\u00a0 Cornea and ocular surface<\/td>\n<td width=\"319\">\u00b7\u00a0\u00a0\u00a0\u00a0\u00a0\u00a0\u00a0\u00a0 Neuroophthalmology<\/td>\n<\/tr>\n<tr>\n<td width=\"319\">\u00b7\u00a0\u00a0\u00a0\u00a0\u00a0\u00a0\u00a0\u00a0 Glaucoma<\/td>\n<td width=\"319\">\u00b7\u00a0\u00a0\u00a0\u00a0\u00a0\u00a0\u00a0\u00a0 Orbita and adnexa<\/td>\n<\/tr>\n<tr>\n<td width=\"319\">\u00b7\u00a0\u00a0\u00a0\u00a0\u00a0\u00a0\u00a0\u00a0 Medical retina<\/td>\n<td width=\"319\">\u00b7\u00a0\u00a0\u00a0\u00a0\u00a0\u00a0\u00a0\u00a0 Eye trauma<\/td>\n<\/tr>\n<tr>\n<td width=\"319\">\u00b7\u00a0\u00a0\u00a0\u00a0\u00a0\u00a0\u00a0\u00a0 Vitreoretinal surgery<\/td>\n<td width=\"319\">\u00b7\u00a0\u00a0\u00a0\u00a0\u00a0\u00a0\u00a0\u00a0 Uveitis<\/td>\n<\/tr>\n<\/tbody>\n<\/table>\n<p>&nbsp;<\/p>\n<table width=\"649\">\n<tbody>\n<tr>\n<td colspan=\"2\" width=\"649\"><strong>PRELIMINARY LIST OF INVITED SPEAKERS<\/strong><\/td>\n<\/tr>\n<tr>\n<td width=\"324\">STEFAN SEREGARD, Stockholm, Sweden, President of SOE<\/td>\n<td width=\"324\"><\/td>\n<\/tr>\n<tr>\n<td width=\"324\">LEONIDAS ZOGRAFOS,Laussane, Switzerland<\/td>\n<td width=\"324\">MIRKO\u00a0 JANKOV, Belgrade, Serbia<\/td>\n<\/tr>\n<tr>\n<td width=\"324\">SPYROS GEORGARAS, Athens, Greece<\/td>\n<td width=\"324\">MIROSLAV\u00a0 VUKOSAVLJEVI\u0106, Belgrade, Serbia<\/td>\n<\/tr>\n<tr>\n<td width=\"324\">K.SHENG LIM, London, United Kingdom<\/td>\n<td width=\"324\">MIROSLAV\u00a0 STAMENKOVI\u0106, Belgrade, Serbia<\/td>\n<\/tr>\n<tr>\n<td width=\"324\">ANA OROS, Novi Sad, Serbia<\/td>\n<td width=\"324\">NADA\u00a0 RADOVI\u0106, Belgrade, Serbia<\/td>\n<\/tr>\n<tr>\n<td width=\"324\">BRANISLAV\u00a0 STANKOVI\u0106, Belgrade, Serbia<\/td>\n<td width=\"324\">STELA\u00a0 VUJO\u0160EVI\u0106, Padova, Italy<\/td>\n<\/tr>\n<tr>\n<td width=\"324\">BRANKA STIRN- KRANJC, Ljubljana, Slovenia<\/td>\n<td width=\"324\">VESNA JAK\u0160I\u0106, Belgrade, Serbia<\/td>\n<\/tr>\n<tr>\n<td width=\"324\">IVAN\u00a0 STEFANOVI\u0106, Belgrade, Serbia<\/td>\n<td width=\"324\">VESNA DIMOVSKA\u00a0 JORDANOV, Skopje, Macedonia<\/td>\n<\/tr>\n<tr>\n<td width=\"324\">MILKA\u00a0 MAVIJA, Banjaluka,Bosnia and Herzegovina<\/td>\n<td width=\"324\">MIRCEA VASILE FILIP,Bucharest, Romania<\/td>\n<\/tr>\n<tr>\n<td width=\"324\">BILJANA KUZMANOVI\u0106 ELABJER, Zagreb, Croatia<\/td>\n<td width=\"324\">ZORA IGNJATOVI\u0106, Belgrade, Serbia<\/td>\n<tr>\n<td width=\"324\"><\/td>\n<td width=\"324\">DRAGAN VUKOVI\u0106, Belgrade, Serbia<\/td>\n<tr>\n<td width=\"324\">VLADIMIR PFEIFER, Ljubljana, Slovenia<\/td>\n<td width=\"324\">ZORAN TOMI\u0106, Belgrade, Serbia<\/td>\n<\/tbody>\n<\/table>\n<p>&nbsp;<\/p>\n<p><strong>REGISTRATION FEE FOR\u00a0 PARTICIPIANTS<\/strong><\/p>\n<table>\n<tbody>\n<tr>\n<td width=\"158\"><strong>Category<\/strong><\/td>\n<td width=\"151\"><strong>\u00a0 until\u00a0 May 31, 2015<\/strong><\/td>\n<td width=\"170\"><strong>until September 30,2015<\/strong><\/td>\n<td width=\"153\"><strong>\u00a0from October 1, 2015<\/strong><\/td>\n<\/tr>\n<tr>\n<td width=\"158\"><strong>Ophthalmologists<\/strong><\/td>\n<td width=\"151\"><strong>120 \u20ac<\/strong><\/td>\n<td width=\"170\"><strong>150 \u20ac<\/strong><\/td>\n<td width=\"153\"><strong>180 \u20ac<\/strong><\/td>\n<\/tr>\n<tr>\n<td width=\"158\"><strong>Residents<\/strong><\/td>\n<td width=\"151\"><strong>60 \u20ac<\/strong><\/td>\n<td width=\"170\"><strong>75 \u20ac<\/strong><\/td>\n<td width=\"153\"><strong>90 \u20ac<\/strong><\/td>\n<\/tr>\n<tr>\n<td width=\"158\"><strong>Accompanying person<\/strong><\/td>\n<td width=\"151\"><strong>75 \u20ac<\/strong><\/td>\n<td width=\"170\"><strong>\u00a075 \u20ac<\/strong><\/td>\n<td width=\"153\"><strong>75 \u20ac<\/strong><\/td>\n<\/tr>\n<\/tbody>\n<\/table>\n<p>&nbsp;<\/p>\n<p><strong>Registration fee includes: <\/strong>Opening ceremony, attendance to all scientific sessions, all printed materials, coffee breaks, lunch breaks, congress dinner, certificate of attendance.<\/p>\n<p><strong>Registration fee for accompanying person includes: <\/strong>Opening ceremony, half day excursion to<\/p>\n<p>Cetinje and congress dinner.<\/p>\n<p><strong>ACCOMODATION<\/strong><\/p>\n<table>\n<tbody>\n<tr>\n<td width=\"207\"><strong>Hotel<\/strong><\/td>\n<td width=\"181\"><strong>Single room<\/strong><\/td>\n<td width=\"194\"><strong>Double room<\/strong><\/td>\n<\/tr>\n<tr>\n<td width=\"207\"><strong>Mediteran ****<\/strong><\/td>\n<td width=\"181\"><strong>65,00 \u20ac<\/strong><\/td>\n<td width=\"194\"><strong>100,00 \u20ac<\/strong><\/td>\n<\/tr>\n<tr>\n<td width=\"207\"><strong>Iberostar ****<\/strong><\/td>\n<td width=\"181\"><strong>62,00 \u20ac<\/strong><\/td>\n<td width=\"194\"><strong>88,00 \u20ac<\/strong><\/td>\n<\/tr>\n<tr>\n<td width=\"207\"><strong>TN Slovenska plaza ***<\/strong><\/td>\n<td width=\"181\"><strong>39,00 \u20ac<\/strong><\/td>\n<td width=\"194\"><strong>65,00 \u20ac<\/strong><\/td>\n<\/tr>\n<tr>\n<td width=\"207\"><strong>TN Slovenska plaza ****<\/strong><\/td>\n<td width=\"181\"><strong>43,00 \u20ac<\/strong><\/td>\n<td width=\"194\"><strong>72,00 \u20ac<\/strong><\/td>\n<\/tr>\n<\/tbody>\n<\/table>\n<p>Accommodation price is based on <strong>BB<\/strong> per room and per day. VAT and local tax are included.<\/p>\n<p><a title=\"Registraciona dokumentacija\" href=\"http:\/\/cofd.me\/en\/12-kongres-oftamologa\/registraciona-dokumentacija\/\"><strong>REGISTRATION AND ACCOMMODATION FORM (download Microsoft Word .doc)<\/strong><\/a><\/p>\n<p><a title=\"Registraciona dokumentacija\" href=\"http:\/\/cofd.me\/en\/12-kongres-oftamologa\/registraciona-dokumentacija\/\"><strong>INSTRUCTIONS FOR WRITING AND SUBMITTING ABSTRACTS \/ MANNER AND DURATION OF PRESENTATION<\/strong><\/a><\/p>\n<p>&nbsp;<\/p>\n<table>\n<tbody>\n<tr>\n<td colspan=\"2\" width=\"590\"><strong>ABSTRACT \u00a0TIMETABLE<\/strong><\/td>\n<\/tr>\n<tr>\n<td width=\"295\"><strong>Abstract Submission Opens<\/strong><\/td>\n<td width=\"295\"><strong>April \u00a01, 2015<\/strong><\/td>\n<\/tr>\n<tr>\n<td width=\"295\"><strong>Dedline for Abstract Submission<\/strong><\/td>\n<td width=\"295\"><strong>August 1, \u00a02015<\/strong><\/td>\n<\/tr>\n<tr>\n<td width=\"295\"><strong>Notification of Acceptance<\/strong><\/td>\n<td width=\"295\"><strong>September 1, 2015<\/strong><\/td>\n<\/tr>\n<tr>\n<td colspan=\"2\" width=\"590\"><strong>Submission via e-mail:\u00a0 cofd@t-com.me<\/strong><\/td>\n<\/tr>\n<\/tbody>\n<\/table>\n<p>&nbsp;<\/p>\n<p><\/p>","protected":false},"excerpt":{"rendered":"<p>FIRST ANNOUNCEMENT OF THE 1ST CONGRESS OF MONTENEGRIN OPHTHALMOLOGISTS WITH INTERNATIONAL PARTICIPATION 12TH CONGRESS OF SOUTH EAST EUROPEAN OPHTHALMOLOGICAL SOCIETY (SEEOS) 15.18. October 2015 | Venue: Hotel Mediteran, Becici, Budva, Montenegro Note: Download original&#46;&#46;&#46;<\/p>\n","protected":false},"author":2,"featured_media":0,"parent":0,"menu_order":0,"comment_status":"open","ping_status":"open","template":"","meta":{"ngg_post_thumbnail":0,"jetpack_post_was_ever_published":false,"footnotes":""},"class_list":["post-395","page","type-page","status-publish","hentry"],"jetpack_sharing_enabled":true,"jetpack_shortlink":"https:\/\/wp.me\/P35IsG-6n","_links":{"self":[{"href":"https:\/\/cofd.me\/en\/wp-json\/wp\/v2\/pages\/395","targetHints":{"allow":["GET"]}}],"collection":[{"href":"https:\/\/cofd.me\/en\/wp-json\/wp\/v2\/pages"}],"about":[{"href":"https:\/\/cofd.me\/en\/wp-json\/wp\/v2\/types\/page"}],"author":[{"embeddable":true,"href":"https:\/\/cofd.me\/en\/wp-json\/wp\/v2\/users\/2"}],"replies":[{"embeddable":true,"href":"https:\/\/cofd.me\/en\/wp-json\/wp\/v2\/comments?post=395"}],"version-history":[{"count":2,"href":"https:\/\/cofd.me\/en\/wp-json\/wp\/v2\/pages\/395\/revisions"}],"predecessor-version":[{"id":622,"href":"https:\/\/cofd.me\/en\/wp-json\/wp\/v2\/pages\/395\/revisions\/622"}],"wp:attachment":[{"href":"https:\/\/cofd.me\/en\/wp-json\/wp\/v2\/media?parent=395"}],"curies":[{"name":"wp","href":"https:\/\/api.w.org\/{rel}","templated":true}]}}