{"id":2,"date":"2012-12-11T16:47:26","date_gmt":"2012-12-11T16:47:26","guid":{"rendered":"http:\/\/cofd.me\/?page_id=2"},"modified":"2025-10-19T17:22:24","modified_gmt":"2025-10-19T16:22:24","slug":"sample-page","status":"publish","type":"page","link":"https:\/\/cofd.me\/en\/sample-page\/","title":{"rendered":"About us"},"content":{"rendered":"<p><strong>Montenegrin Society of Ophthalmology (COFD)<\/strong> is a non-governmental organization with the objective of affirmation and development of ophthalmological science and practice in Montenegro.<\/p>\n<p>Society was founded on June 10, 2005, on the initiative of late Dr Borivoje Vuk\u010devi\u0107 with the support of several ophthalmologists, asits founders. Dr Borivoje Vuk\u010devi\u0107 was the first president of the Society, however, his sudden death after only half a year from the founding of Society lead to the cessation of Society\u2019s activities.Two years later, other members of the Board of Directors have restarted activities of the Society and have organized the first Assembly of the Society on February 18, 2008, where Dr Aoaneta Ad\u017ei\u0107 Ze\u010devi\u0107, PhD was elected as the President of the Society and she was president in two mandate.\u00a0Dr Zoran Koturovi\u0107, MD\/MS \u00a0was the President of the Society during the period of 2016-2018 and Dr Biljana Milojko \u0160\u0107epovi\u0107 MD,Ph, during the period of 2018-2023. At the last Extraordinary Assemblly which was held on April 1,2023  the new president for the next mandate is Dr Nikola Cvijovi\u0107 MD. <\/p>\n<p>In\u00a0 the past fifteen-year period, Society has organized eleven expert meetings, one seminar and two symposium, and became member of the European Society of Ophthalmology (SOE) and South-East European Ophthalmological Society (SEEOS).The crown of the Society&#8217;s activity was the organization of the First Congress of the Ophthalmologist of Montenegro with international participation and the 12th Congress of the Association of South-Eastern Europe Ophthalmologists (SEEOS), which was held from 15-18 October 2015. in Budva.<br \/>\nRepresentative of the Society in the SOE Board was Ass Prof Antoaneta Ad\u017ei\u0107 Ze\u010devi\u0107 (2010-2016) and Zoran Koturovi\u0107 MD\/PhD, (2016-2018) and Biljana Milojko \u0160\u0107epovi\u0107 MD\/PhD, (2018-2023). The representative in the SOE Board in the next term will be Dr Nikola Cvijovi\u0107 MD, while representative of the Society in the SEEOS Board is Dr Edita Files Bradari\u0107.<\/p>\n<p>In the next period, the Society will continue to organize expert meetings, inform ophthalmologists about current events in the area of ophthalmology, international meetings and congresses, encourage ophthalmologists to actively participate in meetings and congresses, recommend opportunities for professional development and education in specific areas of ophthalmology, particularly to younger ophthalmologists, develop cooperation with other similar societies, state institutions and campaigns related to health education and prevention of\u00a0 eye diseases and associated diseases.<\/p>\n<p>Objective of the Montenegrin Society of Ophthalmology is to improve organization and quality of ophthalmological services and treatments in Montenegro through its continuous activities, expert and scientific authority.<\/p>\n<p>Membership is voluntary and Society currently has 49 members.<\/p>\n<p>Membership in the Society is obtained by filling of the accession form and payment of annual membership fee of 80\u20ac.<\/p>","protected":false},"excerpt":{"rendered":"<p>Montenegrin Society of Ophthalmology (COFD) is a non-governmental organization with the objective of affirmation and development of ophthalmological science and practice in Montenegro. Society was founded on June 10, 2005, on the initiative of&#46;&#46;&#46;<\/p>\n","protected":false},"author":2,"featured_media":0,"parent":0,"menu_order":0,"comment_status":"open","ping_status":"open","template":"","meta":{"ngg_post_thumbnail":0,"jetpack_post_was_ever_published":false,"footnotes":""},"class_list":["post-2","page","type-page","status-publish","hentry"],"jetpack_sharing_enabled":true,"jetpack_shortlink":"https:\/\/wp.me\/P35IsG-2","_links":{"self":[{"href":"https:\/\/cofd.me\/en\/wp-json\/wp\/v2\/pages\/2","targetHints":{"allow":["GET"]}}],"collection":[{"href":"https:\/\/cofd.me\/en\/wp-json\/wp\/v2\/pages"}],"about":[{"href":"https:\/\/cofd.me\/en\/wp-json\/wp\/v2\/types\/page"}],"author":[{"embeddable":true,"href":"https:\/\/cofd.me\/en\/wp-json\/wp\/v2\/users\/2"}],"replies":[{"embeddable":true,"href":"https:\/\/cofd.me\/en\/wp-json\/wp\/v2\/comments?post=2"}],"version-history":[{"count":2,"href":"https:\/\/cofd.me\/en\/wp-json\/wp\/v2\/pages\/2\/revisions"}],"predecessor-version":[{"id":66153,"href":"https:\/\/cofd.me\/en\/wp-json\/wp\/v2\/pages\/2\/revisions\/66153"}],"wp:attachment":[{"href":"https:\/\/cofd.me\/en\/wp-json\/wp\/v2\/media?parent=2"}],"curies":[{"name":"wp","href":"https:\/\/api.w.org\/{rel}","templated":true}]}}